{"id":10786,"date":"2021-05-05T13:42:51","date_gmt":"2021-05-05T11:42:51","guid":{"rendered":"https:\/\/quality-pack.pl\/?page_id=10786"},"modified":"2021-06-15T11:35:53","modified_gmt":"2021-06-15T09:35:53","slug":"pracownia-hemodynamiki-copy","status":"publish","type":"page","link":"https:\/\/quality-pack.pl\/?page_id=10786","title":{"rendered":"Kardiochirurgia"},"content":{"rendered":"\n<div style=\"height:60px\" aria-hidden=\"true\" class=\"wp-block-spacer\"><\/div>\n\n\n\n<h2 class=\"wp-block-heading\">Kardiochirurgia<\/h2>\n\n\n\n<p>Quality Pack we wsp\u00f3\u0142pracy z wiod\u0105cymi ekspertami z bran\u017cy, opracowuje i oferuje pe\u0142n\u0105 gam\u0119 zestaw\u00f3w zabiegowych do kardiologii interwencyjnej, certyfikowanych pod k\u0105tem jako\u015bci i funkcjonalno\u015bci<\/p>\n\n\n\n<p>Stosowanie zestaw\u00f3w niestandardowych procedur jest obecnie dobrze ugruntowane w wi\u0119kszo\u015bci szpitali na ca\u0142ym \u015bwiecie<\/p>\n\n\n\n<p>Ka\u017cdy oferowany przez Nas zestaw jest omawiany i przygotowywany w oparciu o do\u015bwiadczenia i preferencje naszych Klient\u00f3w. Ch\u0119tnie doradzimy jakie rozwi\u0105zania s\u0105 aktualnie preferowane na rynku medycznym, ale przygotowany zestaw zawsze b\u0119dzie dostosowany indywidualnie pod Pa\u0144stwa potrzeby.<\/p>\n\n\n\n\n\n<p><a href=\"https:\/\/quality-pack.pl\/wp-admin\/post.php?post=10774&amp;action=edit\">Edit<\/a><\/p>\n\n\n\n<div style=\"height:20px\" aria-hidden=\"true\" class=\"wp-block-spacer\"><\/div>\n\n\n\n<div style=\"height:20px\" aria-hidden=\"true\" class=\"wp-block-spacer\"><\/div>\n","protected":false},"excerpt":{"rendered":"<p>Kardiochirurgia Quality Pack we wsp\u00f3\u0142pracy z wiod\u0105cymi ekspertami z bran\u017cy, opracowuje i oferuje pe\u0142n\u0105 gam\u0119 zestaw\u00f3w zabiegowych do kardiologii interwencyjnej, certyfikowanych pod k\u0105tem jako\u015bci i funkcjonalno\u015bci Stosowanie zestaw\u00f3w niestandardowych procedur jest obecnie dobrze ugruntowane w wi\u0119kszo\u015bci szpitali na ca\u0142ym \u015bwiecie Ka\u017cdy oferowany przez Nas zestaw jest omawiany i przygotowywany w oparciu o do\u015bwiadczenia i preferencje &hellip; <a href=\"https:\/\/quality-pack.pl\/?page_id=10786\" class=\"more-link\">Continue reading <span class=\"screen-reader-text\">Kardiochirurgia<\/span> <span class=\"meta-nav\">&rarr;<\/span><\/a><\/p>\n","protected":false},"author":3,"featured_media":0,"parent":0,"menu_order":0,"comment_status":"closed","ping_status":"closed","template":"","meta":{"footnotes":""},"class_list":["post-10786","page","type-page","status-publish","hentry"],"_links":{"self":[{"href":"https:\/\/quality-pack.pl\/index.php?rest_route=\/wp\/v2\/pages\/10786","targetHints":{"allow":["GET"]}}],"collection":[{"href":"https:\/\/quality-pack.pl\/index.php?rest_route=\/wp\/v2\/pages"}],"about":[{"href":"https:\/\/quality-pack.pl\/index.php?rest_route=\/wp\/v2\/types\/page"}],"author":[{"embeddable":true,"href":"https:\/\/quality-pack.pl\/index.php?rest_route=\/wp\/v2\/users\/3"}],"replies":[{"embeddable":true,"href":"https:\/\/quality-pack.pl\/index.php?rest_route=%2Fwp%2Fv2%2Fcomments&post=10786"}],"version-history":[{"count":3,"href":"https:\/\/quality-pack.pl\/index.php?rest_route=\/wp\/v2\/pages\/10786\/revisions"}],"predecessor-version":[{"id":11038,"href":"https:\/\/quality-pack.pl\/index.php?rest_route=\/wp\/v2\/pages\/10786\/revisions\/11038"}],"wp:attachment":[{"href":"https:\/\/quality-pack.pl\/index.php?rest_route=%2Fwp%2Fv2%2Fmedia&parent=10786"}],"curies":[{"name":"wp","href":"https:\/\/api.w.org\/{rel}","templated":true}]}}