{"id":10789,"date":"2021-05-05T13:44:51","date_gmt":"2021-05-05T11:44:51","guid":{"rendered":"https:\/\/quality-pack.pl\/?page_id=10789"},"modified":"2021-06-15T11:37:46","modified_gmt":"2021-06-15T09:37:46","slug":"kardiochirurgia-copy","status":"publish","type":"page","link":"https:\/\/quality-pack.pl\/?page_id=10789","title":{"rendered":"Blok operacyjny og\u00f3lny"},"content":{"rendered":"\n<div style=\"height:60px\" aria-hidden=\"true\" class=\"wp-block-spacer\"><\/div>\n\n\n\n<h2 class=\"wp-block-heading\">Blok operacyjny og\u00f3lny<\/h2>\n\n\n\n<p>Zestawy i pojedyncze jednorazowe serwety wykorzystywane s\u0105 do zabezpieczenia pacjenta i pola operacyjnego podczas wszystkich zabieg\u00f3w chirurgicznych i ambulatoryjnych. <\/p>\n\n\n\n<p>Serwety wykonane s\u0105 z barierowych wysokoch\u0142onnych i nieprzemakalnych materia\u0142\u00f3w, kt\u00f3re podnosz\u0105 komfort pracy i minimalizuj\u0105 ryzyko zaka\u017ce\u0144.<\/p>\n\n\n\n<p>Dodatkowe wzmocnienia w strefie krytycznej zwi\u0119kszaj\u0105 absorpcyjno\u015b\u0107 przy jednoczesnym zachowaniu bardzo dobrych<br>w\u0142a\u015bciwo\u015bci mechanicznych.<\/p>\n\n\n\n<div style=\"height:20px\" aria-hidden=\"true\" class=\"wp-block-spacer\"><\/div>\n\n\n\n<figure class=\"wp-block-image size-full\"><img loading=\"lazy\" decoding=\"async\" width=\"1170\" height=\"468\" src=\"https:\/\/quality-pack.pl\/wp-content\/uploads\/2021\/05\/obraz.jpg\" alt=\"\" class=\"wp-image-10778\"\/><\/figure>\n\n\n\n<div style=\"height:20px\" aria-hidden=\"true\" class=\"wp-block-spacer\"><\/div>\n\n\n\n<p>Lorem ipsum dolor sit amet, consectetur adipiscing elit, sed do eiusmod tempor incididunt ut labore et dolore magna aliqua. Ut enim ad minim veniam, quis nostrud exercitation ullamco laboris nisi ut aliquip ex ea commodo consequat. Duis aute irure dolor in reprehenderit in voluptate velit esse cillum dolore eu fugiat nulla pariatur. Excepteur sint occaecat cupidatat non proident, sunt in culpa qui officia deserunt mollit anim id est laborum.<\/p>\n\n\n\n<div style=\"height:20px\" aria-hidden=\"true\" class=\"wp-block-spacer\"><\/div>\n","protected":false},"excerpt":{"rendered":"<p>Blok operacyjny og\u00f3lny Zestawy i pojedyncze jednorazowe serwety wykorzystywane s\u0105 do zabezpieczenia pacjenta i pola operacyjnego podczas wszystkich zabieg\u00f3w chirurgicznych i ambulatoryjnych. Serwety wykonane s\u0105 z barierowych wysokoch\u0142onnych i nieprzemakalnych materia\u0142\u00f3w, kt\u00f3re podnosz\u0105 komfort pracy i minimalizuj\u0105 ryzyko zaka\u017ce\u0144. Dodatkowe wzmocnienia w strefie krytycznej zwi\u0119kszaj\u0105 absorpcyjno\u015b\u0107 przy jednoczesnym zachowaniu bardzo dobrychw\u0142a\u015bciwo\u015bci mechanicznych. Lorem ipsum dolor &hellip; <a href=\"https:\/\/quality-pack.pl\/?page_id=10789\" class=\"more-link\">Continue reading <span class=\"screen-reader-text\">Blok operacyjny og\u00f3lny<\/span> <span class=\"meta-nav\">&rarr;<\/span><\/a><\/p>\n","protected":false},"author":3,"featured_media":0,"parent":0,"menu_order":0,"comment_status":"closed","ping_status":"closed","template":"","meta":{"footnotes":""},"class_list":["post-10789","page","type-page","status-publish","hentry"],"_links":{"self":[{"href":"https:\/\/quality-pack.pl\/index.php?rest_route=\/wp\/v2\/pages\/10789","targetHints":{"allow":["GET"]}}],"collection":[{"href":"https:\/\/quality-pack.pl\/index.php?rest_route=\/wp\/v2\/pages"}],"about":[{"href":"https:\/\/quality-pack.pl\/index.php?rest_route=\/wp\/v2\/types\/page"}],"author":[{"embeddable":true,"href":"https:\/\/quality-pack.pl\/index.php?rest_route=\/wp\/v2\/users\/3"}],"replies":[{"embeddable":true,"href":"https:\/\/quality-pack.pl\/index.php?rest_route=%2Fwp%2Fv2%2Fcomments&post=10789"}],"version-history":[{"count":4,"href":"https:\/\/quality-pack.pl\/index.php?rest_route=\/wp\/v2\/pages\/10789\/revisions"}],"predecessor-version":[{"id":11042,"href":"https:\/\/quality-pack.pl\/index.php?rest_route=\/wp\/v2\/pages\/10789\/revisions\/11042"}],"wp:attachment":[{"href":"https:\/\/quality-pack.pl\/index.php?rest_route=%2Fwp%2Fv2%2Fmedia&parent=10789"}],"curies":[{"name":"wp","href":"https:\/\/api.w.org\/{rel}","templated":true}]}}