{"id":10792,"date":"2021-05-05T13:46:46","date_gmt":"2021-05-05T11:46:46","guid":{"rendered":"https:\/\/quality-pack.pl\/?page_id=10792"},"modified":"2021-06-11T09:51:12","modified_gmt":"2021-06-11T07:51:12","slug":"blok-operacyjny-ogolny-copy","status":"publish","type":"page","link":"https:\/\/quality-pack.pl\/?page_id=10792","title":{"rendered":"Ochrona indywidualna"},"content":{"rendered":"\n<p>czepki, maski, fartuchy, ochraniacze na obuwie, zabezpiecza personel medyczny i pacjenta przed przenikaniem i migracj\u0105 na sk\u00f3r\u0119 szkodliwych dla zdrowia mikroorganizm\u00f3w i czynnik\u00f3w biologicznych.<\/p>\n\n\n\n<h2 class=\"wp-block-heading\">Fartuchy ochronne i operacyjne<\/h2>\n\n\n\n<p>Fartuchy chirurgiczne wykonane z materia\u0142\u00f3w Spunlace i SMMS w wersjach Basic, Standard, Special <br>z lub bez ja\u0142owego opakowania wewn\u0119trznego. <br>Fartuchy oferuj\u0105 wysoki komfort i ochron\u0119 dla u\u017cytkownika i pacjenta. <br>Norma EN 13795 zak\u0142ada jednolite standardy jako\u015bci dla wszystkich fartuch\u00f3w chirurgicznych<\/p>\n\n\n\n<p>Dost\u0119pne rozmiary od S do XXL <\/p>\n\n\n\n<p><\/p>\n\n\n\n<h2 class=\"wp-block-heading\">Czepki ochronne<\/h2>\n\n\n\n<p>Czepki ochronne wykorzystywane na blokach operacyjnych.<\/p>\n\n\n\n<p>Dost\u0119pne typy:<br>&#8211; Fura\u017cerka wi\u0105zana na troki lub na gumce<br>&#8211; Clip <br>&#8211; ASTRO <br>&#8211; Czepki dla os\u00f3b z d\u0142u\u017cszymi w\u0142osami<\/p>\n\n\n\n<div style=\"height:20px\" aria-hidden=\"true\" class=\"wp-block-spacer\"><\/div>\n\n\n\n<h2 class=\"wp-block-heading\">R\u0119kawiczki ochronne<\/h2>\n\n\n\n<p>Dost\u0119pne r\u0119kawiczki ochronne i operacyjne sterylne.<\/p>\n\n\n\n<p>R\u0119kawice winylowe, lateksowe, nitrylowe.<\/p>\n\n\n\n<p>Rozmiary od XS do XL. <\/p>\n\n\n\n<h2 class=\"wp-block-heading\">Maski ochronne<\/h2>\n\n\n\n<p>Szeroka oferta masek chirurgicznych i ochronnych zapewniaj\u0105ca odpowiedni\u0105 ochron\u0119 dostosowan\u0105 do konkretnych sytuacji<\/p>\n\n\n\n<p>Dost\u0119pne Maski:<br>&#8211; 2 warstwowe<br>&#8211; 3 warstwowe chirurgiczne wi\u0105zane na troki lub na gumk\u0119<br>&#8211; FFP2 z zaworem lub bez<br>&#8211; FFP3 z zaworem lub bez<\/p>\n\n\n\n<h2 class=\"wp-block-heading\">Kombinezony ochronne<\/h2>\n\n\n\n<p>W zwi\u0105zku z aktualna sytuacja epidemiologiczn\u0105 w ofercie dost\u0119pne kombinezony zapewniaj\u0105ce ochron\u0119 dla s\u0142u\u017cb medycznych.<\/p>\n\n\n\n<h2 class=\"has-text-align-center wp-block-heading\">Je\u015bli poszukujesz innego produktu skontaktuj si\u0119 z Nami<\/h2>\n\n\n\n<p><\/p>\n","protected":false},"excerpt":{"rendered":"<p>czepki, maski, fartuchy, ochraniacze na obuwie, zabezpiecza personel medyczny i pacjenta przed przenikaniem i migracj\u0105 na sk\u00f3r\u0119 szkodliwych dla zdrowia mikroorganizm\u00f3w i czynnik\u00f3w biologicznych. Fartuchy ochronne i operacyjne Fartuchy chirurgiczne wykonane z materia\u0142\u00f3w Spunlace i SMMS w wersjach Basic, Standard, Special z lub bez ja\u0142owego opakowania wewn\u0119trznego. Fartuchy oferuj\u0105 wysoki komfort i ochron\u0119 dla u\u017cytkownika &hellip; <a href=\"https:\/\/quality-pack.pl\/?page_id=10792\" class=\"more-link\">Continue reading <span class=\"screen-reader-text\">Ochrona indywidualna<\/span> <span class=\"meta-nav\">&rarr;<\/span><\/a><\/p>\n","protected":false},"author":3,"featured_media":0,"parent":0,"menu_order":0,"comment_status":"closed","ping_status":"closed","template":"","meta":{"footnotes":""},"class_list":["post-10792","page","type-page","status-publish","hentry"],"_links":{"self":[{"href":"https:\/\/quality-pack.pl\/index.php?rest_route=\/wp\/v2\/pages\/10792","targetHints":{"allow":["GET"]}}],"collection":[{"href":"https:\/\/quality-pack.pl\/index.php?rest_route=\/wp\/v2\/pages"}],"about":[{"href":"https:\/\/quality-pack.pl\/index.php?rest_route=\/wp\/v2\/types\/page"}],"author":[{"embeddable":true,"href":"https:\/\/quality-pack.pl\/index.php?rest_route=\/wp\/v2\/users\/3"}],"replies":[{"embeddable":true,"href":"https:\/\/quality-pack.pl\/index.php?rest_route=%2Fwp%2Fv2%2Fcomments&post=10792"}],"version-history":[{"count":3,"href":"https:\/\/quality-pack.pl\/index.php?rest_route=\/wp\/v2\/pages\/10792\/revisions"}],"predecessor-version":[{"id":11035,"href":"https:\/\/quality-pack.pl\/index.php?rest_route=\/wp\/v2\/pages\/10792\/revisions\/11035"}],"wp:attachment":[{"href":"https:\/\/quality-pack.pl\/index.php?rest_route=%2Fwp%2Fv2%2Fmedia&parent=10792"}],"curies":[{"name":"wp","href":"https:\/\/api.w.org\/{rel}","templated":true}]}}