{"id":10800,"date":"2021-05-05T13:48:51","date_gmt":"2021-05-05T11:48:51","guid":{"rendered":"https:\/\/quality-pack.pl\/?page_id=10800"},"modified":"2021-06-11T08:47:12","modified_gmt":"2021-06-11T06:47:12","slug":"y-konektor-copy","status":"publish","type":"page","link":"https:\/\/quality-pack.pl\/?page_id=10800","title":{"rendered":"Inflatory"},"content":{"rendered":"\n<h2 class=\"wp-block-heading\">Inflator<\/h2>\n\n\n\n<div class=\"wp-block-image\"><figure class=\"aligncenter size-large\"><img loading=\"lazy\" decoding=\"async\" width=\"704\" height=\"456\" src=\"https:\/\/quality-pack.pl\/wp-content\/uploads\/2021\/06\/Inflator.png\" alt=\"\" class=\"wp-image-11014\"\/><\/figure><\/div>\n\n\n\n<pre id=\"tw-target-text\" class=\"wp-block-preformatted\">- Dok\u0142adna kontrola ci\u015bnienia za pomoc\u0105 manometru k\u0105towego i linia wysokiego ci\u015bnienia 12\u201d x 1200 psi\n- Przycisk zwalniaj\u0105cy nacisk w celu szybkiego i \u0142atwego operowania\n- Tr\u00f3jdro\u017cne zawory odcinaj\u0105ce 1200 psi\n- Obj\u0119to\u015b\u0107 20 ml<\/pre>\n\n\n\n<figure class=\"wp-block-image size-large\"><img loading=\"lazy\" decoding=\"async\" width=\"514\" height=\"142\" src=\"https:\/\/quality-pack.pl\/wp-content\/uploads\/2021\/06\/Iflator-schemat.png\" alt=\"\" class=\"wp-image-11015\"\/><\/figure>\n\n\n\n<h2 class=\"wp-block-heading\">Inflator zestaw<\/h2>\n\n\n\n<div class=\"wp-block-image\"><figure class=\"aligncenter size-large\"><img loading=\"lazy\" decoding=\"async\" width=\"465\" height=\"274\" src=\"https:\/\/quality-pack.pl\/wp-content\/uploads\/2021\/06\/Inflator-zestaw.png\" alt=\"\" class=\"wp-image-11017\"\/><\/figure><\/div>\n\n\n\n<pre id=\"tw-target-text\" class=\"wp-block-preformatted\">Sk\u0142ada si\u0119 ze z\u0142\u0105cza Y konektor z przed\u0142u\u017caczem lub bez, opcjonalne narz\u0119dzie do wprowadzania, torquer i strzykawka inflacyjna.\n\u0141\u0105cznik Y z przezroczystym korpusem.<\/pre>\n\n\n\n<div class=\"wp-block-image\"><figure class=\"aligncenter size-large\"><img loading=\"lazy\" decoding=\"async\" width=\"454\" height=\"274\" src=\"https:\/\/quality-pack.pl\/wp-content\/uploads\/2021\/06\/Zestaw-inflator-1.png\" alt=\"\" class=\"wp-image-11018\"\/><\/figure><\/div>\n\n\n\n<pre id=\"tw-target-text\" class=\"wp-block-preformatted\">Sk\u0142ada si\u0119 ze z\u0142\u0105cza Y konektor typu Push Clik z przed\u0142u\u017ceniem lub bez linia, opcjonalne narz\u0119dzie do wprowadzania, torquer  i strzykawka inflacyjna.\n\u0141\u0105cznik Y z przezroczystym korpusem.<\/pre>\n\n\n\n<div style=\"height:20px\" aria-hidden=\"true\" class=\"wp-block-spacer\"><\/div>\n","protected":false},"excerpt":{"rendered":"<p>Inflator &#8211; Dok\u0142adna kontrola ci\u015bnienia za pomoc\u0105 manometru k\u0105towego i linia wysokiego ci\u015bnienia 12\u201d x 1200 psi &#8211; Przycisk zwalniaj\u0105cy nacisk w celu szybkiego i \u0142atwego operowania &#8211; Tr\u00f3jdro\u017cne zawory odcinaj\u0105ce 1200 psi &#8211; Obj\u0119to\u015b\u0107 20 ml Inflator zestaw Sk\u0142ada si\u0119 ze z\u0142\u0105cza Y konektor z przed\u0142u\u017caczem lub bez, opcjonalne narz\u0119dzie do wprowadzania, torquer i &hellip; <a href=\"https:\/\/quality-pack.pl\/?page_id=10800\" class=\"more-link\">Continue reading <span class=\"screen-reader-text\">Inflatory<\/span> <span class=\"meta-nav\">&rarr;<\/span><\/a><\/p>\n","protected":false},"author":3,"featured_media":0,"parent":0,"menu_order":0,"comment_status":"closed","ping_status":"closed","template":"","meta":{"footnotes":""},"class_list":["post-10800","page","type-page","status-publish","hentry"],"_links":{"self":[{"href":"https:\/\/quality-pack.pl\/index.php?rest_route=\/wp\/v2\/pages\/10800","targetHints":{"allow":["GET"]}}],"collection":[{"href":"https:\/\/quality-pack.pl\/index.php?rest_route=\/wp\/v2\/pages"}],"about":[{"href":"https:\/\/quality-pack.pl\/index.php?rest_route=\/wp\/v2\/types\/page"}],"author":[{"embeddable":true,"href":"https:\/\/quality-pack.pl\/index.php?rest_route=\/wp\/v2\/users\/3"}],"replies":[{"embeddable":true,"href":"https:\/\/quality-pack.pl\/index.php?rest_route=%2Fwp%2Fv2%2Fcomments&post=10800"}],"version-history":[{"count":3,"href":"https:\/\/quality-pack.pl\/index.php?rest_route=\/wp\/v2\/pages\/10800\/revisions"}],"predecessor-version":[{"id":11019,"href":"https:\/\/quality-pack.pl\/index.php?rest_route=\/wp\/v2\/pages\/10800\/revisions\/11019"}],"wp:attachment":[{"href":"https:\/\/quality-pack.pl\/index.php?rest_route=%2Fwp%2Fv2%2Fmedia&parent=10800"}],"curies":[{"name":"wp","href":"https:\/\/api.w.org\/{rel}","templated":true}]}}